{"id":97,"date":"2015-07-28T18:05:04","date_gmt":"2015-07-28T16:05:04","guid":{"rendered":"http:\/\/psychologische-praxis-plass.de\/?page_id=97"},"modified":"2015-07-28T20:32:46","modified_gmt":"2015-07-28T18:32:46","slug":"therapeutische-haltung","status":"publish","type":"page","link":"https:\/\/psychologische-praxis-plass.de\/?page_id=97","title":{"rendered":"Therapeutische Haltung"},"content":{"rendered":"<hr \/>\n<h3><span style=\"font-size: 14pt;\">Behandlungsphilosophie<\/span><\/h3>\n<p style=\"text-align: justify;\"><span style=\"font-size: 12pt;\">Meine therapeutische Haltung ist gepr\u00e4gt von der Achtung der Individualit\u00e4t des Menschen, sowie seiner F\u00e4higkeit, sich zu entwickeln, Probleme zu l\u00f6sen und Herausforderungen zu bew\u00e4ltigen.<\/span><br \/>\n<span style=\"font-size: 12pt;\"> Gerne m\u00f6chte ich einen Rahmen bieten, der dem Einzelnen diese Prozesse erm\u00f6glicht:<\/span><br \/>\n<span style=\"font-size: 12pt;\"> Zeit, sich mit eigenen Zielen, W\u00fcnschen und Bed\u00fcrfnissen vertraut zu machen,<\/span><br \/>\n<span style=\"font-size: 12pt;\"> Sicherheit, auch unangenehme Gef\u00fchle aushalten zu k\u00f6nnen,<\/span><br \/>\n<span style=\"font-size: 12pt;\"> Ruhe, um Energie zu tanken,<\/span><br \/>\n<span style=\"font-size: 12pt;\">Unterst\u00fctzung, um individuelle L\u00f6sungen f\u00fcr Probleme zu entwickeln, sich seiner Selbst sicher zu werden um so auch auftreten zu k\u00f6nnen, Nein-Sagen zu lernen&#8230;<\/span><\/p>\n<p>Sie schaffen das! Und haben Unterst\u00fctzung verdient.<\/p>\n<hr \/>\n<h3><span style=\"font-size: 14pt;\">Arbeitsschwerpunkte<\/span><\/h3>\n<p><span style=\"font-size: 12pt;\">Die Schwerpunkte meiner therapeutischen Arbeit liegen im Bereich psychosomatischer Zusammenh\u00e4nge:<\/span><\/p>\n<p><span style=\"font-size: 12pt;\"> Psychologische Therapie chronischer Schmerzen mit dem Ziel der Schmerzlinderung und Reduzierung schmerzbedingter Beeintr\u00e4chtigungen (u. a. bei Migr\u00e4ne, chronischen Kopf- und R\u00fcckenschmerzen, Muskel- und Gelenkschmerzen z.B. bei Rheuma, Multipler Sklerose, Morbus Parkinson sowie bei Schmerzen ohne bekannter Ursache nach \u00e4rztlicher Abkl\u00e4rung);<\/span><\/p>\n<p><span style=\"font-size: 12pt;\"> Psychologische Unterst\u00fctzung zur Behandlung und Vorbeugung von stressbedingten Erkrankungen (z.B. Bluthochdruck, Stoffwechselerkrankungen, Magen-Darm-Funktionsst\u00f6rungen, St\u00f6rungen der kognitiven Funktionen wie Konzentration, Aufmerksamkeit, Ged\u00e4chtnis);<\/span><\/p>\n<p><span style=\"font-size: 12pt;\"> Therapie bei Depression, Angstst\u00f6rungen und pers\u00f6nlichen Krisen, deren Bew\u00e4ltigung ohne Unterst\u00fctzung h\u00e4ufig eine \u00dcberforderung darstellen (z.B. Verlust, Trauer, Mobbing, \u00dcbergang in neue Lebensphasen, Partnerschaftskonflikte);<\/span><\/p>\n<p><span style=\"font-size: 12pt;\"> hypnotherapeutische Geburtsvorbereitung (Hypnobirthing, hypnoreflexogene Geburtsvorbereitung)<\/span><\/p>\n","protected":false},"excerpt":{"rendered":"<p>Behandlungsphilosophie Meine therapeutische Haltung ist gepr\u00e4gt von der Achtung der Individualit\u00e4t des Menschen, sowie seiner F\u00e4higkeit, sich zu entwickeln, Probleme zu l\u00f6sen und Herausforderungen zu bew\u00e4ltigen. Gerne m\u00f6chte ich einen Rahmen bieten, der dem Einzelnen diese Prozesse erm\u00f6glicht: Zeit, sich mit eigenen Zielen, W\u00fcnschen und Bed\u00fcrfnissen vertraut zu machen, Sicherheit, &#8230;<\/p>\n","protected":false},"author":1,"featured_media":0,"parent":9,"menu_order":0,"comment_status":"closed","ping_status":"closed","template":"","meta":{"footnotes":""},"class_list":["post-97","page","type-page","status-publish","hentry","column","threecol"],"_links":{"self":[{"href":"https:\/\/psychologische-praxis-plass.de\/index.php?rest_route=\/wp\/v2\/pages\/97","targetHints":{"allow":["GET"]}}],"collection":[{"href":"https:\/\/psychologische-praxis-plass.de\/index.php?rest_route=\/wp\/v2\/pages"}],"about":[{"href":"https:\/\/psychologische-praxis-plass.de\/index.php?rest_route=\/wp\/v2\/types\/page"}],"author":[{"embeddable":true,"href":"https:\/\/psychologische-praxis-plass.de\/index.php?rest_route=\/wp\/v2\/users\/1"}],"replies":[{"embeddable":true,"href":"https:\/\/psychologische-praxis-plass.de\/index.php?rest_route=%2Fwp%2Fv2%2Fcomments&post=97"}],"version-history":[{"count":6,"href":"https:\/\/psychologische-praxis-plass.de\/index.php?rest_route=\/wp\/v2\/pages\/97\/revisions"}],"predecessor-version":[{"id":127,"href":"https:\/\/psychologische-praxis-plass.de\/index.php?rest_route=\/wp\/v2\/pages\/97\/revisions\/127"}],"up":[{"embeddable":true,"href":"https:\/\/psychologische-praxis-plass.de\/index.php?rest_route=\/wp\/v2\/pages\/9"}],"wp:attachment":[{"href":"https:\/\/psychologische-praxis-plass.de\/index.php?rest_route=%2Fwp%2Fv2%2Fmedia&parent=97"}],"curies":[{"name":"wp","href":"https:\/\/api.w.org\/{rel}","templated":true}]}}