{"id":95,"date":"2015-07-28T18:04:13","date_gmt":"2015-07-28T16:04:13","guid":{"rendered":"http:\/\/psychologische-praxis-plass.de\/?page_id=95"},"modified":"2015-07-28T18:04:13","modified_gmt":"2015-07-28T16:04:13","slug":"praxis","status":"publish","type":"page","link":"https:\/\/psychologische-praxis-plass.de\/?page_id=95","title":{"rendered":"Praxis"},"content":{"rendered":"<p>hier werden Sie demn\u00e4chst Fotos der Praxisr\u00e4ume sehen k\u00f6nnen<\/p>\n","protected":false},"excerpt":{"rendered":"<p>hier werden Sie demn\u00e4chst Fotos der Praxisr\u00e4ume sehen k\u00f6nnen<\/p>\n","protected":false},"author":1,"featured_media":0,"parent":9,"menu_order":0,"comment_status":"closed","ping_status":"closed","template":"","meta":{"footnotes":""},"class_list":["post-95","page","type-page","status-publish","hentry","column","threecol"],"_links":{"self":[{"href":"https:\/\/psychologische-praxis-plass.de\/index.php?rest_route=\/wp\/v2\/pages\/95","targetHints":{"allow":["GET"]}}],"collection":[{"href":"https:\/\/psychologische-praxis-plass.de\/index.php?rest_route=\/wp\/v2\/pages"}],"about":[{"href":"https:\/\/psychologische-praxis-plass.de\/index.php?rest_route=\/wp\/v2\/types\/page"}],"author":[{"embeddable":true,"href":"https:\/\/psychologische-praxis-plass.de\/index.php?rest_route=\/wp\/v2\/users\/1"}],"replies":[{"embeddable":true,"href":"https:\/\/psychologische-praxis-plass.de\/index.php?rest_route=%2Fwp%2Fv2%2Fcomments&post=95"}],"version-history":[{"count":1,"href":"https:\/\/psychologische-praxis-plass.de\/index.php?rest_route=\/wp\/v2\/pages\/95\/revisions"}],"predecessor-version":[{"id":96,"href":"https:\/\/psychologische-praxis-plass.de\/index.php?rest_route=\/wp\/v2\/pages\/95\/revisions\/96"}],"up":[{"embeddable":true,"href":"https:\/\/psychologische-praxis-plass.de\/index.php?rest_route=\/wp\/v2\/pages\/9"}],"wp:attachment":[{"href":"https:\/\/psychologische-praxis-plass.de\/index.php?rest_route=%2Fwp%2Fv2%2Fmedia&parent=95"}],"curies":[{"name":"wp","href":"https:\/\/api.w.org\/{rel}","templated":true}]}}