{"id":63,"date":"2015-07-27T14:16:14","date_gmt":"2015-07-27T12:16:14","guid":{"rendered":"http:\/\/psychologische-praxis-plass.de\/?page_id=63"},"modified":"2015-07-28T17:58:55","modified_gmt":"2015-07-28T15:58:55","slug":"entspannungstherapie","status":"publish","type":"page","link":"https:\/\/psychologische-praxis-plass.de\/?page_id=63","title":{"rendered":"Entspannungstherapie"},"content":{"rendered":"<hr \/>\n<p>Die Entspannungstherapie (Progressive Relaxation, Autogenes Training etc.) bietet einfach und alltagstauglich M\u00f6glichkeiten, die Folgen dauerhafter Stressreaktionen zu lindern.<\/p>\n<p>Sie ist deshalb wichtiger Bestandteil der psychologischen Schmerztherapie. Das Schmerzsignal l\u00f6st immer eine Stressreaktion aus, die wiederum automatisch zu erh\u00f6hter muskul\u00e4rer Anspannung und damit zu einer Schmerzverst\u00e4rkung beitr\u00e4gt. Eine verbesserte muskul\u00e4re Entspannung, die Ausl\u00f6sung einer zentralen Entspannungsreaktion sowie eine auf Dauer g\u00fcnstige Balance zwischen Sympathikus- und Parasympathikusaktivit\u00e4t im vegetativen Nervensystem, die durch die konsequente Anwendung dieser Methoden erreicht werden, reduzieren die Schmerzst\u00e4rke meist schon erheblich.<\/p>\n<p>In der Therapie psychosomatischer Erkrankungen gelten die weitreichenden Auswirkungen der verbesserten Balance im vegetativen Nervensystem durch regelm\u00e4\u00dfige Anwendung einer Entspannungstechnik ebenfalls als bedeutsam. Eindrucksvoll belegen zahlreiche Studien die Wirksamkeit beider Techniken, so z.B. zur Verbeugung vor Herz-Kreislauf-Erkrankungen, Magen-Darm-Erkrankungen, chronischen Stoffwechselst\u00f6rungen.<\/p>\n<p>Auch in der Therapie von Angstst\u00f6rungen stellt die Entspannungstherapie durch die Senkung des dabei meist dauerhaft erh\u00f6hten allgemeinen Anspannungszustands einen wichtigen Baustein dar.<\/p>\n<p>Das Ein\u00fcben beider Techniken erfordert zu Beginn ein regelm\u00e4\u00dfiges Trainieren, nach M\u00f6glichkeit sollten die einfachen und nicht zeitaufw\u00e4ndigen \u00dcbungen zweimal t\u00e4glich selbst\u00e4ndig durchgef\u00fchrt werden, damit rasch ein Automatismus in den Abl\u00e4ufen entsteht, der dann zuverl\u00e4ssige Erfolge weitgehend unabh\u00e4ngig von der jeweiligen Umgebung und Situation m\u00f6glich macht. Nach der Erl\u00e4uterung der Technik im Rahmen der Therapie und ersten Durchg\u00e4ngen unter Anleitung kann das selbst\u00e4ndige Training zuhause und sp\u00e4ter auch am Arbeitsplatz ganz individuell erfolgen.<\/p>\n","protected":false},"excerpt":{"rendered":"<p>Die Entspannungstherapie (Progressive Relaxation, Autogenes Training etc.) bietet einfach und alltagstauglich M\u00f6glichkeiten, die Folgen dauerhafter Stressreaktionen zu lindern. Sie ist deshalb wichtiger Bestandteil der psychologischen Schmerztherapie. Das Schmerzsignal l\u00f6st immer eine Stressreaktion aus, die wiederum automatisch zu erh\u00f6hter muskul\u00e4rer Anspannung und damit zu einer Schmerzverst\u00e4rkung beitr\u00e4gt. Eine verbesserte muskul\u00e4re Entspannung, &#8230;<\/p>\n","protected":false},"author":1,"featured_media":0,"parent":0,"menu_order":0,"comment_status":"closed","ping_status":"closed","template":"","meta":{"footnotes":""},"class_list":["post-63","page","type-page","status-publish","hentry","column","threecol"],"_links":{"self":[{"href":"https:\/\/psychologische-praxis-plass.de\/index.php?rest_route=\/wp\/v2\/pages\/63","targetHints":{"allow":["GET"]}}],"collection":[{"href":"https:\/\/psychologische-praxis-plass.de\/index.php?rest_route=\/wp\/v2\/pages"}],"about":[{"href":"https:\/\/psychologische-praxis-plass.de\/index.php?rest_route=\/wp\/v2\/types\/page"}],"author":[{"embeddable":true,"href":"https:\/\/psychologische-praxis-plass.de\/index.php?rest_route=\/wp\/v2\/users\/1"}],"replies":[{"embeddable":true,"href":"https:\/\/psychologische-praxis-plass.de\/index.php?rest_route=%2Fwp%2Fv2%2Fcomments&post=63"}],"version-history":[{"count":4,"href":"https:\/\/psychologische-praxis-plass.de\/index.php?rest_route=\/wp\/v2\/pages\/63\/revisions"}],"predecessor-version":[{"id":93,"href":"https:\/\/psychologische-praxis-plass.de\/index.php?rest_route=\/wp\/v2\/pages\/63\/revisions\/93"}],"wp:attachment":[{"href":"https:\/\/psychologische-praxis-plass.de\/index.php?rest_route=%2Fwp%2Fv2%2Fmedia&parent=63"}],"curies":[{"name":"wp","href":"https:\/\/api.w.org\/{rel}","templated":true}]}}