{"id":13,"date":"2015-07-26T18:20:57","date_gmt":"2015-07-26T16:20:57","guid":{"rendered":"http:\/\/psychologische-praxis-plass.de\/?page_id=13"},"modified":"2018-05-24T17:26:22","modified_gmt":"2018-05-24T15:26:22","slug":"psychotherapie","status":"publish","type":"page","link":"https:\/\/psychologische-praxis-plass.de\/?page_id=13","title":{"rendered":"Psychotherapie"},"content":{"rendered":"<hr \/>\n<p>Der Begriff <em><strong>Psychotherapie<\/strong><\/em> bedeutet im Wortsinn das Heilen mit den Mitteln der Psychologie, also der Wissenschaft vom menschlichen Denken, F\u00fchlen und Verhalten.<\/p>\n<p>Denken, F\u00fchlen und Verhalten k\u00f6nnen durch \u00e4u\u00dfere oder innere Einfl\u00fcsse so ver\u00e4ndert sein, dass unser Wohlbefinden darunter leidet, wir uns also gest\u00f6rt f\u00fchlen. Am h\u00e4ufigsten zeigt sich das in den unterschiedlichen Formen von Angstst\u00f6rungen und von Depressionen. Vergleichbar mit dem Geschehen bei k\u00f6rperlichen St\u00f6rungen sollte versucht werden, die Bedingungen f\u00fcr das Wohlbefinden m\u00f6glichst rasch wieder g\u00fcnstig zu beeinflussen, dabei kann die Psychotherapie auf unterschiedliche Art und Weise wertvolle Unterst\u00fctzung anbieten.<\/p>\n<p>Die unterschiedlichen psychotherapeutischen M\u00f6glichkeiten, die in meine Arbeit einflie\u00dfen, werden auf den folgenden Seiten ausf\u00fchrlicher vorgestellt:<\/p>\n<p><a href=\"https:\/\/psychologische-praxis-plass.de\/?page_id=27\">Verhaltenstherapie<\/a><\/p>\n<p><a href=\"https:\/\/psychologische-praxis-plass.de\/?page_id=25\">Psychologische Schmerztherapie<\/a><\/p>\n<p><a href=\"https:\/\/psychologische-praxis-plass.de\/?page_id=63\">Entspannungstherapie<\/a><\/p>\n<p><a href=\"https:\/\/psychologische-praxis-plass.de\/?page_id=29\">Hypnotherapie<\/a><\/p>\n<p><a href=\"https:\/\/psychologische-praxis-plass.de\/?page_id=59\">Kosten<\/a><\/p>\n<p>&nbsp;<\/p>\n","protected":false},"excerpt":{"rendered":"<p>Der Begriff Psychotherapie bedeutet im Wortsinn das Heilen mit den Mitteln der Psychologie, also der Wissenschaft vom menschlichen Denken, F\u00fchlen und Verhalten. Denken, F\u00fchlen und Verhalten k\u00f6nnen durch \u00e4u\u00dfere oder innere Einfl\u00fcsse so ver\u00e4ndert sein, dass unser Wohlbefinden darunter leidet, wir uns also gest\u00f6rt f\u00fchlen. Am h\u00e4ufigsten zeigt sich das &#8230;<\/p>\n","protected":false},"author":1,"featured_media":0,"parent":0,"menu_order":0,"comment_status":"closed","ping_status":"closed","template":"","meta":{"footnotes":""},"class_list":["post-13","page","type-page","status-publish","hentry","column","threecol"],"_links":{"self":[{"href":"https:\/\/psychologische-praxis-plass.de\/index.php?rest_route=\/wp\/v2\/pages\/13","targetHints":{"allow":["GET"]}}],"collection":[{"href":"https:\/\/psychologische-praxis-plass.de\/index.php?rest_route=\/wp\/v2\/pages"}],"about":[{"href":"https:\/\/psychologische-praxis-plass.de\/index.php?rest_route=\/wp\/v2\/types\/page"}],"author":[{"embeddable":true,"href":"https:\/\/psychologische-praxis-plass.de\/index.php?rest_route=\/wp\/v2\/users\/1"}],"replies":[{"embeddable":true,"href":"https:\/\/psychologische-praxis-plass.de\/index.php?rest_route=%2Fwp%2Fv2%2Fcomments&post=13"}],"version-history":[{"count":7,"href":"https:\/\/psychologische-praxis-plass.de\/index.php?rest_route=\/wp\/v2\/pages\/13\/revisions"}],"predecessor-version":[{"id":87,"href":"https:\/\/psychologische-praxis-plass.de\/index.php?rest_route=\/wp\/v2\/pages\/13\/revisions\/87"}],"wp:attachment":[{"href":"https:\/\/psychologische-praxis-plass.de\/index.php?rest_route=%2Fwp%2Fv2%2Fmedia&parent=13"}],"curies":[{"name":"wp","href":"https:\/\/api.w.org\/{rel}","templated":true}]}}