{"id":107,"date":"2015-07-28T18:28:55","date_gmt":"2015-07-28T16:28:55","guid":{"rendered":"http:\/\/psychologische-praxis-plass.de\/?page_id=107"},"modified":"2017-04-17T21:48:16","modified_gmt":"2017-04-17T19:48:16","slug":"links-literatur","status":"publish","type":"page","link":"https:\/\/psychologische-praxis-plass.de\/?page_id=107","title":{"rendered":"links &#038; Literatur"},"content":{"rendered":"<p><span style=\"font-size: 12pt;\">Hier finden Sie Literaturempfehlungen und links zur weiteren Information:<\/span><\/p>\n<hr \/>\n<p><span style=\"font-size: 12pt;\">Seemann, Hanne: <\/span><br \/>\n<span style=\"font-size: 12pt;\"> <strong>Freundschaft mit dem eigenen K\u00f6rper schlie\u00dfen. \u00dcber den Umgang mit psychosomatischen Schmerzen.<\/strong><\/span><br \/>\n<span style=\"font-size: 12pt;\"> Reihe \u201eLeben lernen\u201c 115. Pfeiffer bei Klett-Cotta. Stuttgart. 2005<\/span><\/p>\n<p><span style=\"font-size: 12pt;\">aus dem Klappentext: &#8222;Vorgestellt wird ein l\u00f6sungsorientiertes Therapiekonzept psychosomatischer St\u00f6rungen, das am Krankheitsbild des chronischen Schmerzes (ohne Organbefund) entwickelt wurde. Die Verbesserung der Kommunikation zwischen K\u00f6rper und Ich steht im Zentrum dieses therapeutischen Ansatzes.&#8220;<\/span><\/p>\n<p><span style=\"font-size: 12pt;\">pers\u00f6nliche Anmerkung: Richtet sich an Fachleute, psychologisch Interessierte und Betroffene; auf wissenschaftlicher Grundlage gut verst\u00e4ndlich, mit Fallbeispielen. Die therapeutische Haltung der Autorin gef\u00e4llt mir.<\/span><\/p>\n<p><span style=\"font-size: 12pt;\">Basler, Heinz-Dieter (Herausgeber):<\/span><br \/>\n<span style=\"font-size: 12pt;\"> <strong>Psychologische Therapie bei Kopf- und R\u00fcckenschmerzen: Das Marburger Schmerzbew\u00e4ltigungsprogramm zur Gruppen- und Einzeltherapie.<\/strong><\/span><br \/>\n<span style=\"font-size: 12pt;\"> Urban &amp; Vogel. 2. Aufl. 1998<\/span><\/p>\n<p><span style=\"font-size: 12pt;\">aus dem Klappentext: &#8222;Heinz-Dieter Basler und Birgit Kr\u00f6ner Herwig geh\u00f6ren wohl zu den namhaftesten psychologischen Schmerztherapeuten in Deutschland. Im vorliegenden Manual zur psychologischen Therapie bei Kopf- und R\u00fcckenschmerzen stellen sie ein psychoedukatives Behandlungsprogramm vor, das von ihnen und einigen Mitautoren selbst entwickelt, erprobt und evaluiert wurde. Ziel dieses Programms ist es, Patienten zu vermitteln, wie sie ihr Schmerzerleben selbst beeinflussen und psychische und soziale Folgen so bew\u00e4ltigen k\u00f6nnen, dass sie ihr Leben mit dem Schmerz ertr\u00e4glicher gestalten k\u00f6nnen&#8220;.<\/span><\/p>\n<p><span style=\"font-size: 12pt;\">pers\u00f6nliche Anmerkung: Grundlage meiner Fortbildung in psychologischer Schmerztherapie, Teile des Manuals nutze ich in meiner Arbeit. Das Buch richtet sich an TherapeutInnen (kostet ca. 70,-\u20ac)<\/span><\/p>\n<p><span style=\"font-size: 12pt;\">Jacobs, Stefan &amp; Bosse-D\u00fcker, Ines:<\/span><br \/>\n<span style=\"font-size: 12pt;\"> <strong>Verhaltenstherapeutische Hypnose bei chronischem Schmerz: Ein Kurzprogramm zur Behandlung chronischer Schmerzen. Hogrefe-Verlag. 2005.<\/strong><\/span><\/p>\n<p><span style=\"font-size: 12pt;\">Aus dem Klappentext: &#8222;Das in mehreren Studien evaluierte Kurzprogramm wendet sich an Psychologen, Psychotherapeuten und \u00c4rzte, die chronische Schmerzpatienten behandeln. Nach einer ausf\u00fchrlichen Darstellung der theoretischen und empirischen Grundlagen der Schmerz- und Hypnosetherapie werden die insgesamt 11 w\u00f6chentlich abzuhaltenden Sitzungen des Therapieprogramms beschrieben. Als Interventionsmethoden kommen kognitiv-verhaltenstherapeutische Elemente zur Erh\u00f6hung des Aktivit\u00e4tsniveaus und zur Vermeidung schmerzf\u00f6rdernder Aktivit\u00e4ten, die mit hypnotherapeutischen Interventionen zur Schmerzreduktion verkn\u00fcpft werden, zum Einsatz. Ziel dabei ist, die Patienten anzulernen, sich selbst bei auftretenden Schmerzattacken autosuggestiv in einen tief entspannenden, dissoziierten Zustand zu versetzen. Studien belegen eine hohe Wirksamkeit des Programms. So zeigen die Ergebnisse eine deutliche Reduzierung der Schmerzst\u00e4rke und des Medikamentenkonsums sowie eine Verbesserung der allgemeinen Funktionsf\u00e4higkeit und des Wohlbefindens. Erstmals steht somit chronischen Schmerzpatientinnen und -patienten eine effektive hoch wirksame Methode zur Schmerzreduktion zur Verf\u00fcgung.&#8220;<\/span><\/p>\n<p><span style=\"font-size: 12pt;\">pers\u00f6nliche Anmerkung: Nach einer Fortbildung beim Autor des Buches habe ich Anregungen aus dem Behandlungsprogramm in meine Arbeit der psychologischen Schmerztherapie \u00fcbernommen.<\/span><\/p>\n<hr \/>\n<p>&nbsp;<\/p>\n<p><a title=\"Deutsche Schmerzliga - Selbsthilfevereinigung\" href=\"http:\/\/www.schmerzliga.de\/\" target=\"_blank\">www.schmerzliga.de<\/a><\/p>\n<p><a title=\"Kompetenznetzwerk Rheuma\" href=\"http:\/\/www.rheumanet.org\/\" target=\"_blank\">www.rheumanet.org<\/a><\/p>\n<p><a title=\"Eingangsportal deutschsprachiger Hypnosegesellschaften\" href=\"http:\/\/www.hypnose.de\/\" target=\"_blank\">www.hypnose.de<\/a><\/p>\n<p><a href=\"http:\/\/www.hypnose-kikh.de\/\" target=\"_blank\">www.hypnose-kikh.de\/<\/a><\/p>\n<p><a href=\"http:\/\/www.therapie.de\" target=\"_blank\">www.therapie.de<\/a><\/p>\n","protected":false},"excerpt":{"rendered":"<p>Hier finden Sie Literaturempfehlungen und links zur weiteren Information: Seemann, Hanne: Freundschaft mit dem eigenen K\u00f6rper schlie\u00dfen. \u00dcber den Umgang mit psychosomatischen Schmerzen. Reihe \u201eLeben lernen\u201c 115. Pfeiffer bei Klett-Cotta. Stuttgart. 2005 aus dem Klappentext: &#8222;Vorgestellt wird ein l\u00f6sungsorientiertes Therapiekonzept psychosomatischer St\u00f6rungen, das am Krankheitsbild des chronischen Schmerzes (ohne Organbefund) &#8230;<\/p>\n","protected":false},"author":1,"featured_media":0,"parent":0,"menu_order":0,"comment_status":"closed","ping_status":"closed","template":"","meta":{"footnotes":""},"class_list":["post-107","page","type-page","status-publish","hentry","column","threecol"],"_links":{"self":[{"href":"https:\/\/psychologische-praxis-plass.de\/index.php?rest_route=\/wp\/v2\/pages\/107","targetHints":{"allow":["GET"]}}],"collection":[{"href":"https:\/\/psychologische-praxis-plass.de\/index.php?rest_route=\/wp\/v2\/pages"}],"about":[{"href":"https:\/\/psychologische-praxis-plass.de\/index.php?rest_route=\/wp\/v2\/types\/page"}],"author":[{"embeddable":true,"href":"https:\/\/psychologische-praxis-plass.de\/index.php?rest_route=\/wp\/v2\/users\/1"}],"replies":[{"embeddable":true,"href":"https:\/\/psychologische-praxis-plass.de\/index.php?rest_route=%2Fwp%2Fv2%2Fcomments&post=107"}],"version-history":[{"count":9,"href":"https:\/\/psychologische-praxis-plass.de\/index.php?rest_route=\/wp\/v2\/pages\/107\/revisions"}],"predecessor-version":[{"id":158,"href":"https:\/\/psychologische-praxis-plass.de\/index.php?rest_route=\/wp\/v2\/pages\/107\/revisions\/158"}],"wp:attachment":[{"href":"https:\/\/psychologische-praxis-plass.de\/index.php?rest_route=%2Fwp%2Fv2%2Fmedia&parent=107"}],"curies":[{"name":"wp","href":"https:\/\/api.w.org\/{rel}","templated":true}]}}