{"id":101,"date":"2015-07-28T18:08:36","date_gmt":"2015-07-28T16:08:36","guid":{"rendered":"http:\/\/psychologische-praxis-plass.de\/?page_id=101"},"modified":"2017-04-17T21:37:07","modified_gmt":"2017-04-17T19:37:07","slug":"honorar-hypnonative","status":"publish","type":"page","link":"https:\/\/psychologische-praxis-plass.de\/?page_id=101","title":{"rendered":"Honorar HypnoNative"},"content":{"rendered":"<hr \/>\n<p><span style=\"font-size: 12pt;\">Mein Angebot der HypnoNative soll f\u00fcr jede Schwangere nutzbar sein, aus diesem Grund bestimmen Sie das Honorar in Abh\u00e4ngigkeit von Ihren pers\u00f6nlichen M\u00f6glichkeiten selbst.<\/span><\/p>\n<p><span style=\"font-size: 12pt;\">Nur Mut, meine Erfahrungen damit sind durchweg positiv und spiegeln die Vielfalt unserer Lebensbedingungen wieder!<\/span><\/p>\n","protected":false},"excerpt":{"rendered":"<p>Mein Angebot der HypnoNative soll f\u00fcr jede Schwangere nutzbar sein, aus diesem Grund bestimmen Sie das Honorar in Abh\u00e4ngigkeit von Ihren pers\u00f6nlichen M\u00f6glichkeiten selbst. Nur Mut, meine Erfahrungen damit sind durchweg positiv und spiegeln die Vielfalt unserer Lebensbedingungen wieder!<\/p>\n","protected":false},"author":1,"featured_media":0,"parent":17,"menu_order":0,"comment_status":"closed","ping_status":"closed","template":"","meta":{"footnotes":""},"class_list":["post-101","page","type-page","status-publish","hentry","column","threecol"],"_links":{"self":[{"href":"https:\/\/psychologische-praxis-plass.de\/index.php?rest_route=\/wp\/v2\/pages\/101","targetHints":{"allow":["GET"]}}],"collection":[{"href":"https:\/\/psychologische-praxis-plass.de\/index.php?rest_route=\/wp\/v2\/pages"}],"about":[{"href":"https:\/\/psychologische-praxis-plass.de\/index.php?rest_route=\/wp\/v2\/types\/page"}],"author":[{"embeddable":true,"href":"https:\/\/psychologische-praxis-plass.de\/index.php?rest_route=\/wp\/v2\/users\/1"}],"replies":[{"embeddable":true,"href":"https:\/\/psychologische-praxis-plass.de\/index.php?rest_route=%2Fwp%2Fv2%2Fcomments&post=101"}],"version-history":[{"count":6,"href":"https:\/\/psychologische-praxis-plass.de\/index.php?rest_route=\/wp\/v2\/pages\/101\/revisions"}],"predecessor-version":[{"id":154,"href":"https:\/\/psychologische-praxis-plass.de\/index.php?rest_route=\/wp\/v2\/pages\/101\/revisions\/154"}],"up":[{"embeddable":true,"href":"https:\/\/psychologische-praxis-plass.de\/index.php?rest_route=\/wp\/v2\/pages\/17"}],"wp:attachment":[{"href":"https:\/\/psychologische-praxis-plass.de\/index.php?rest_route=%2Fwp%2Fv2%2Fmedia&parent=101"}],"curies":[{"name":"wp","href":"https:\/\/api.w.org\/{rel}","templated":true}]}}